{"id":23117,"date":"2018-04-24T22:27:45","date_gmt":"2018-04-24T22:27:45","guid":{"rendered":"https:\/\/cancham2025.switchgt.com\/?post_type=portfolio_page&#038;p=23117"},"modified":"2025-04-01T18:29:23","modified_gmt":"2025-04-02T00:29:23","slug":"cclaq-en","status":"publish","type":"page","link":"https:\/\/www.cancham.org.gt\/en\/cclaq-en\/","title":{"rendered":"CcL\u00e1Q"},"content":{"rendered":"<p>C\u00e1mara de Comercio Latinoamericana de Quebec<br \/>\n5333 Avenida Casgrain #102, Oficina #102 Montreal, Qu\u00e9bec H2T 1X3<br \/>\nTel\u00e9fono: 514 400 8969<br \/>\nEmail: info@cclaq.ca<br \/>\nWebsite: <a href=\"http:\/\/es.cclaq.ca\/\" target=\"_blank\" rel=\"noopener\">es.cclaq.ca<\/a><\/p>","protected":false},"excerpt":{"rendered":"<p>C\u00e1mara de Comercio Latinoamericana de Quebec 5333 Avenida Casgrain #102, Oficina #102 Montreal, Qu\u00e9bec H2T 1X3 Tel\u00e9fono: 514 400 8969 Email: info@cclaq.ca Website: es.cclaq.ca<\/p>","protected":false},"author":1,"featured_media":22881,"parent":0,"menu_order":0,"comment_status":"open","ping_status":"closed","template":"","meta":{"_acf_changed":false,"content-type":"","site-sidebar-layout":"no-sidebar","site-content-layout":"plain-container","ast-site-content-layout":"default","site-content-style":"default","site-sidebar-style":"default","ast-global-header-display":"","ast-banner-title-visibility":"","ast-main-header-display":"","ast-hfb-above-header-display":"","ast-hfb-below-header-display":"","ast-hfb-mobile-header-display":"","site-post-title":"disabled","ast-breadcrumbs-content":"","ast-featured-img":"disabled","footer-sml-layout":"","ast-disable-related-posts":"","theme-transparent-header-meta":"default","adv-header-id-meta":"","stick-header-meta":"","header-above-stick-meta":"","header-main-stick-meta":"","header-below-stick-meta":"","astra-migrate-meta-layouts":"set","ast-page-background-enabled":"default","ast-page-background-meta":{"desktop":{"background-color":"var(--ast-global-color-5)","background-image":"","background-repeat":"repeat","background-position":"center center","background-size":"auto","background-attachment":"scroll","background-type":"","background-media":"","overlay-type":"","overlay-color":"","overlay-opacity":"","overlay-gradient":""},"tablet":{"background-color":"","background-image":"","background-repeat":"repeat","background-position":"center center","background-size":"auto","background-attachment":"scroll","background-type":"","background-media":"","overlay-type":"","overlay-color":"","overlay-opacity":"","overlay-gradient":""},"mobile":{"background-color":"","background-image":"","background-repeat":"repeat","background-position":"center center","background-size":"auto","background-attachment":"scroll","background-type":"","background-media":"","overlay-type":"","overlay-color":"","overlay-opacity":"","overlay-gradient":""}},"ast-content-background-meta":{"desktop":{"background-color":"var(--ast-global-color-4)","background-image":"","background-repeat":"repeat","background-position":"center center","background-size":"auto","background-attachment":"scroll","background-type":"","background-media":"","overlay-type":"","overlay-color":"","overlay-opacity":"","overlay-gradient":""},"tablet":{"background-color":"var(--ast-global-color-4)","background-image":"","background-repeat":"repeat","background-position":"center center","background-size":"auto","background-attachment":"scroll","background-type":"","background-media":"","overlay-type":"","overlay-color":"","overlay-opacity":"","overlay-gradient":""},"mobile":{"background-color":"var(--ast-global-color-4)","background-image":"","background-repeat":"repeat","background-position":"center center","background-size":"auto","background-attachment":"scroll","background-type":"","background-media":"","overlay-type":"","overlay-color":"","overlay-opacity":"","overlay-gradient":""}},"footnotes":""},"categories":[580,566],"tags":[],"class_list":["post-23117","page","type-page","status-publish","has-post-thumbnail","hentry","category-alliances","category-members"],"acf":[],"_links":{"self":[{"href":"https:\/\/www.cancham.org.gt\/en\/wp-json\/wp\/v2\/pages\/23117","targetHints":{"allow":["GET"]}}],"collection":[{"href":"https:\/\/www.cancham.org.gt\/en\/wp-json\/wp\/v2\/pages"}],"about":[{"href":"https:\/\/www.cancham.org.gt\/en\/wp-json\/wp\/v2\/types\/page"}],"author":[{"embeddable":true,"href":"https:\/\/www.cancham.org.gt\/en\/wp-json\/wp\/v2\/users\/1"}],"replies":[{"embeddable":true,"href":"https:\/\/www.cancham.org.gt\/en\/wp-json\/wp\/v2\/comments?post=23117"}],"version-history":[{"count":2,"href":"https:\/\/www.cancham.org.gt\/en\/wp-json\/wp\/v2\/pages\/23117\/revisions"}],"predecessor-version":[{"id":26312,"href":"https:\/\/www.cancham.org.gt\/en\/wp-json\/wp\/v2\/pages\/23117\/revisions\/26312"}],"wp:featuredmedia":[{"embeddable":true,"href":"https:\/\/www.cancham.org.gt\/en\/wp-json\/wp\/v2\/media\/22881"}],"wp:attachment":[{"href":"https:\/\/www.cancham.org.gt\/en\/wp-json\/wp\/v2\/media?parent=23117"}],"wp:term":[{"taxonomy":"category","embeddable":true,"href":"https:\/\/www.cancham.org.gt\/en\/wp-json\/wp\/v2\/categories?post=23117"},{"taxonomy":"post_tag","embeddable":true,"href":"https:\/\/www.cancham.org.gt\/en\/wp-json\/wp\/v2\/tags?post=23117"}],"curies":[{"name":"wp","href":"https:\/\/api.w.org\/{rel}","templated":true}]}}