{"id":23175,"date":"2018-04-24T23:44:28","date_gmt":"2018-04-24T23:44:28","guid":{"rendered":"https:\/\/cancham2025.switchgt.com\/?post_type=portfolio_page&#038;p=23175"},"modified":"2025-04-01T18:03:16","modified_gmt":"2025-04-02T00:03:16","slug":"arm-aviacion-en","status":"publish","type":"page","link":"https:\/\/www.cancham.org.gt\/en\/arm-aviacion-en\/","title":{"rendered":"ARM Aviaci\u00f3n"},"content":{"rendered":"<p>SERVICIO DE VUELOS PRIVADOS Y CH\u00c1RTERES<br \/>\nAvenida Hincapi\u00e9 18-05 zona 13, Hangar K-2 Interior Aeropuerto La Aurora, Ciudad, Guatemala<br \/>\nTel\u00e9fono: 2418-2727\/2418-2700<br \/>\nFax: 2331-4995<br \/>\nEmail: <a href=\"mailto:armsa@armaviacion.com\">armsa@armaviacion.com<\/a><br \/>\nWeb: <a href=\"http:\/\/www.armaviacion.com\" target=\"_blank\" rel=\"noopener noreferrer\">www.armaviacion.com<\/a><\/p>","protected":false},"excerpt":{"rendered":"<p>SERVICIO DE VUELOS PRIVADOS Y CH\u00c1RTERES Avenida Hincapi\u00e9 18-05 zona 13, Hangar K-2 Interior Aeropuerto La Aurora, Ciudad, Guatemala Tel\u00e9fono: 2418-2727\/2418-2700 Fax: 2331-4995 Email: armsa@armaviacion.com Web: www.armaviacion.com<\/p>","protected":false},"author":1,"featured_media":21762,"parent":0,"menu_order":0,"comment_status":"closed","ping_status":"closed","template":"","meta":{"_acf_changed":false,"content-type":"","site-sidebar-layout":"default","site-content-layout":"","ast-site-content-layout":"default","site-content-style":"default","site-sidebar-style":"default","ast-global-header-display":"","ast-banner-title-visibility":"","ast-main-header-display":"","ast-hfb-above-header-display":"","ast-hfb-below-header-display":"","ast-hfb-mobile-header-display":"","site-post-title":"","ast-breadcrumbs-content":"","ast-featured-img":"","footer-sml-layout":"","ast-disable-related-posts":"","theme-transparent-header-meta":"default","adv-header-id-meta":"","stick-header-meta":"","header-above-stick-meta":"","header-main-stick-meta":"","header-below-stick-meta":"","astra-migrate-meta-layouts":"set","ast-page-background-enabled":"default","ast-page-background-meta":{"desktop":{"background-color":"var(--ast-global-color-5)","background-image":"","background-repeat":"repeat","background-position":"center center","background-size":"auto","background-attachment":"scroll","background-type":"","background-media":"","overlay-type":"","overlay-color":"","overlay-opacity":"","overlay-gradient":""},"tablet":{"background-color":"","background-image":"","background-repeat":"repeat","background-position":"center center","background-size":"auto","background-attachment":"scroll","background-type":"","background-media":"","overlay-type":"","overlay-color":"","overlay-opacity":"","overlay-gradient":""},"mobile":{"background-color":"","background-image":"","background-repeat":"repeat","background-position":"center center","background-size":"auto","background-attachment":"scroll","background-type":"","background-media":"","overlay-type":"","overlay-color":"","overlay-opacity":"","overlay-gradient":""}},"ast-content-background-meta":{"desktop":{"background-color":"var(--ast-global-color-4)","background-image":"","background-repeat":"repeat","background-position":"center center","background-size":"auto","background-attachment":"scroll","background-type":"","background-media":"","overlay-type":"","overlay-color":"","overlay-opacity":"","overlay-gradient":""},"tablet":{"background-color":"var(--ast-global-color-4)","background-image":"","background-repeat":"repeat","background-position":"center center","background-size":"auto","background-attachment":"scroll","background-type":"","background-media":"","overlay-type":"","overlay-color":"","overlay-opacity":"","overlay-gradient":""},"mobile":{"background-color":"var(--ast-global-color-4)","background-image":"","background-repeat":"repeat","background-position":"center center","background-size":"auto","background-attachment":"scroll","background-type":"","background-media":"","overlay-type":"","overlay-color":"","overlay-opacity":"","overlay-gradient":""}},"footnotes":""},"categories":[578,566],"tags":[],"class_list":["post-23175","page","type-page","status-publish","has-post-thumbnail","hentry","category-corporate","category-members"],"acf":[],"_links":{"self":[{"href":"https:\/\/www.cancham.org.gt\/en\/wp-json\/wp\/v2\/pages\/23175","targetHints":{"allow":["GET"]}}],"collection":[{"href":"https:\/\/www.cancham.org.gt\/en\/wp-json\/wp\/v2\/pages"}],"about":[{"href":"https:\/\/www.cancham.org.gt\/en\/wp-json\/wp\/v2\/types\/page"}],"author":[{"embeddable":true,"href":"https:\/\/www.cancham.org.gt\/en\/wp-json\/wp\/v2\/users\/1"}],"replies":[{"embeddable":true,"href":"https:\/\/www.cancham.org.gt\/en\/wp-json\/wp\/v2\/comments?post=23175"}],"version-history":[{"count":2,"href":"https:\/\/www.cancham.org.gt\/en\/wp-json\/wp\/v2\/pages\/23175\/revisions"}],"predecessor-version":[{"id":26263,"href":"https:\/\/www.cancham.org.gt\/en\/wp-json\/wp\/v2\/pages\/23175\/revisions\/26263"}],"wp:featuredmedia":[{"embeddable":true,"href":"https:\/\/www.cancham.org.gt\/en\/wp-json\/wp\/v2\/media\/21762"}],"wp:attachment":[{"href":"https:\/\/www.cancham.org.gt\/en\/wp-json\/wp\/v2\/media?parent=23175"}],"wp:term":[{"taxonomy":"category","embeddable":true,"href":"https:\/\/www.cancham.org.gt\/en\/wp-json\/wp\/v2\/categories?post=23175"},{"taxonomy":"post_tag","embeddable":true,"href":"https:\/\/www.cancham.org.gt\/en\/wp-json\/wp\/v2\/tags?post=23175"}],"curies":[{"name":"wp","href":"https:\/\/api.w.org\/{rel}","templated":true}]}}