{"id":23178,"date":"2018-04-24T23:46:59","date_gmt":"2018-04-24T23:46:59","guid":{"rendered":"https:\/\/cancham2025.switchgt.com\/?post_type=portfolio_page&#038;p=23178"},"modified":"2025-05-23T16:28:11","modified_gmt":"2025-05-23T22:28:11","slug":"tactic-legal","status":"publish","type":"page","link":"https:\/\/www.cancham.org.gt\/en\/tactic-legal\/","title":{"rendered":"Tactic Legal"},"content":{"rendered":"<p>FIRMA LEGAL, ABOGADOS Y NOTARIOS<br \/>\nTactic Legal es el resultado de la uni\u00f3n entre A.D. Sosa &amp; Soto de Guatemala, con m\u00e1s de un siglo de tradici\u00f3n legal, y Tactic Estudio Legal de Costa Rica, una firma din\u00e1mica y estrat\u00e9gica. Esta alianza nos permite ofrecer soluciones legales integrales en toda Centroam\u00e9rica, manteniendo el compromiso con la calidad y dedicaci\u00f3n que nos ha distinguido desde nuestros inicios.<\/p>\n<p>15 Calle \u201cA\u201d 14-44, Zona 10 Edificio Mariamelia, Nivel 7, Oficina 702, Guatemala<br \/>\nTel\u00e9fono: (+502) 2384-2900<br \/>\nFax: 2384-6666<br \/>\nEmail: <a href=\"mailto:contact@tactic.legal\">contact@tactic.legal<\/a><br \/>\nWeb: <a href=\"https:\/\/tactic.legal\" target=\"_blank\" rel=\"noopener\">tactic.legal<\/a><\/p>","protected":false},"excerpt":{"rendered":"<p>FIRMA LEGAL, ABOGADOS Y NOTARIOS Tactic Legal es el resultado de la uni\u00f3n entre A.D. Sosa &amp; Soto de Guatemala, con m\u00e1s de un siglo de tradici\u00f3n legal, y Tactic [&hellip;]<\/p>\n","protected":false},"author":1,"featured_media":26614,"parent":0,"menu_order":0,"comment_status":"closed","ping_status":"closed","template":"","meta":{"_acf_changed":false,"content-type":"","site-sidebar-layout":"default","site-content-layout":"","ast-site-content-layout":"default","site-content-style":"default","site-sidebar-style":"default","ast-global-header-display":"","ast-banner-title-visibility":"","ast-main-header-display":"","ast-hfb-above-header-display":"","ast-hfb-below-header-display":"","ast-hfb-mobile-header-display":"","site-post-title":"","ast-breadcrumbs-content":"","ast-featured-img":"","footer-sml-layout":"","ast-disable-related-posts":"","theme-transparent-header-meta":"default","adv-header-id-meta":"","stick-header-meta":"","header-above-stick-meta":"","header-main-stick-meta":"","header-below-stick-meta":"","astra-migrate-meta-layouts":"set","ast-page-background-enabled":"default","ast-page-background-meta":{"desktop":{"background-color":"var(--ast-global-color-5)","background-image":"","background-repeat":"repeat","background-position":"center center","background-size":"auto","background-attachment":"scroll","background-type":"","background-media":"","overlay-type":"","overlay-color":"","overlay-opacity":"","overlay-gradient":""},"tablet":{"background-color":"","background-image":"","background-repeat":"repeat","background-position":"center center","background-size":"auto","background-attachment":"scroll","background-type":"","background-media":"","overlay-type":"","overlay-color":"","overlay-opacity":"","overlay-gradient":""},"mobile":{"background-color":"","background-image":"","background-repeat":"repeat","background-position":"center center","background-size":"auto","background-attachment":"scroll","background-type":"","background-media":"","overlay-type":"","overlay-color":"","overlay-opacity":"","overlay-gradient":""}},"ast-content-background-meta":{"desktop":{"background-color":"var(--ast-global-color-4)","background-image":"","background-repeat":"repeat","background-position":"center center","background-size":"auto","background-attachment":"scroll","background-type":"","background-media":"","overlay-type":"","overlay-color":"","overlay-opacity":"","overlay-gradient":""},"tablet":{"background-color":"var(--ast-global-color-4)","background-image":"","background-repeat":"repeat","background-position":"center center","background-size":"auto","background-attachment":"scroll","background-type":"","background-media":"","overlay-type":"","overlay-color":"","overlay-opacity":"","overlay-gradient":""},"mobile":{"background-color":"var(--ast-global-color-4)","background-image":"","background-repeat":"repeat","background-position":"center center","background-size":"auto","background-attachment":"scroll","background-type":"","background-media":"","overlay-type":"","overlay-color":"","overlay-opacity":"","overlay-gradient":""}},"footnotes":""},"categories":[578,566],"tags":[],"class_list":["post-23178","page","type-page","status-publish","has-post-thumbnail","hentry","category-corporate","category-members"],"acf":[],"_links":{"self":[{"href":"https:\/\/www.cancham.org.gt\/en\/wp-json\/wp\/v2\/pages\/23178","targetHints":{"allow":["GET"]}}],"collection":[{"href":"https:\/\/www.cancham.org.gt\/en\/wp-json\/wp\/v2\/pages"}],"about":[{"href":"https:\/\/www.cancham.org.gt\/en\/wp-json\/wp\/v2\/types\/page"}],"author":[{"embeddable":true,"href":"https:\/\/www.cancham.org.gt\/en\/wp-json\/wp\/v2\/users\/1"}],"replies":[{"embeddable":true,"href":"https:\/\/www.cancham.org.gt\/en\/wp-json\/wp\/v2\/comments?post=23178"}],"version-history":[{"count":6,"href":"https:\/\/www.cancham.org.gt\/en\/wp-json\/wp\/v2\/pages\/23178\/revisions"}],"predecessor-version":[{"id":26624,"href":"https:\/\/www.cancham.org.gt\/en\/wp-json\/wp\/v2\/pages\/23178\/revisions\/26624"}],"wp:featuredmedia":[{"embeddable":true,"href":"https:\/\/www.cancham.org.gt\/en\/wp-json\/wp\/v2\/media\/26614"}],"wp:attachment":[{"href":"https:\/\/www.cancham.org.gt\/en\/wp-json\/wp\/v2\/media?parent=23178"}],"wp:term":[{"taxonomy":"category","embeddable":true,"href":"https:\/\/www.cancham.org.gt\/en\/wp-json\/wp\/v2\/categories?post=23178"},{"taxonomy":"post_tag","embeddable":true,"href":"https:\/\/www.cancham.org.gt\/en\/wp-json\/wp\/v2\/tags?post=23178"}],"curies":[{"name":"wp","href":"https:\/\/api.w.org\/{rel}","templated":true}]}}